{"id":276,"date":"2025-11-25T09:02:18","date_gmt":"2025-11-25T08:02:18","guid":{"rendered":"https:\/\/inoxes.com\/?page_id=276"},"modified":"2025-11-25T19:41:55","modified_gmt":"2025-11-25T18:41:55","slug":"deposito-agua-caliente","status":"publish","type":"page","link":"https:\/\/inoxes.com\/pt\/depositos\/deposito-agua-caliente\/","title":{"rendered":"Dep\u00f3sito de \u00e1gua quente"},"content":{"rendered":"<div data-elementor-type=\"wp-page\" data-elementor-id=\"276\" class=\"elementor elementor-276\" data-elementor-post-type=\"page\">\n\t\t\t\t<div class=\"elementor-element elementor-element-5710e4f e-flex e-con-boxed e-con e-parent\" data-id=\"5710e4f\" data-element_type=\"container\" data-e-type=\"container\" data-settings=\"{&quot;background_background&quot;:&quot;classic&quot;}\">\n\t\t\t\t\t<div class=\"e-con-inner\">\n\t\t<div class=\"elementor-element elementor-element-09232fd e-con-full e-flex e-con e-child\" data-id=\"09232fd\" data-element_type=\"container\" data-e-type=\"container\">\n\t\t\t\t<div class=\"elementor-element elementor-element-806a243 elementor-widget elementor-widget-heading\" data-id=\"806a243\" data-element_type=\"widget\" data-e-type=\"widget\" data-widget_type=\"heading.default\">\n\t\t\t\t\t<h1 class=\"elementor-heading-title elementor-size-default\">Dep\u00f3sito de \u00e1gua quente<\/h1>\t\t\t\t<\/div>\n\t\t\t\t<\/div>\n\t\t<div class=\"elementor-element elementor-element-317370d e-con-full e-flex e-con e-child\" data-id=\"317370d\" data-element_type=\"container\" data-e-type=\"container\">\n\t\t\t\t<div class=\"elementor-element elementor-element-ce072c2 elementor-align-left elementor-widget__width-initial elementor-mobile-align-center elementor-widget elementor-widget-button\" data-id=\"ce072c2\" data-element_type=\"widget\" data-e-type=\"widget\" data-widget_type=\"button.default\">\n\t\t\t\t\t\t\t\t\t\t<a class=\"elementor-button elementor-button-link elementor-size-sm\" href=\"#\">\n\t\t\t\t\t\t<span class=\"elementor-button-content-wrapper\">\n\t\t\t\t\t\t<span class=\"elementor-button-icon\">\n\t\t\t\t<svg aria-hidden=\"true\" class=\"e-font-icon-svg e-fas-file-alt\" viewbox=\"0 0 384 512\" xmlns=\"http:\/\/www.w3.org\/2000\/svg\"><path d=\"M224 136V0H24C10.7 0 0 10.7 0 24v464c0 13.3 10.7 24 24 24h336c13.3 0 24-10.7 24-24V160H248c-13.2 0-24-10.8-24-24zm64 236c0 6.6-5.4 12-12 12H108c-6.6 0-12-5.4-12-12v-8c0-6.6 5.4-12 12-12h168c6.6 0 12 5.4 12 12v8zm0-64c0 6.6-5.4 12-12 12H108c-6.6 0-12-5.4-12-12v-8c0-6.6 5.4-12 12-12h168c6.6 0 12 5.4 12 12v8zm0-72v8c0 6.6-5.4 12-12 12H108c-6.6 0-12-5.4-12-12v-8c0-6.6 5.4-12 12-12h168c6.6 0 12 5.4 12 12zm96-114.1v6.1H256V0h6.1c6.4 0 12.5 2.5 17 7l97.9 98c4.5 4.5 7 10.6 7 16.9z\"><\/path><\/svg>\t\t\t<\/span>\n\t\t\t\t\t\t\t\t\t<span class=\"elementor-button-text\">DESCARGAR FICHA<\/span>\n\t\t\t\t\t<\/span>\n\t\t\t\t\t<\/a>\n\t\t\t\t\t\t\t\t<\/div>\n\t\t\t\t<\/div>\n\t\t\t\t\t<\/div>\n\t\t\t\t<\/div>\n\t\t<div class=\"elementor-element elementor-element-5fb9548 e-flex e-con-boxed e-con e-parent\" data-id=\"5fb9548\" data-element_type=\"container\" data-e-type=\"container\" data-settings=\"{&quot;background_background&quot;:&quot;classic&quot;}\">\n\t\t\t\t\t<div class=\"e-con-inner\">\n\t\t<div class=\"elementor-element elementor-element-58c83fe e-con-full e-flex e-con e-child\" data-id=\"58c83fe\" data-element_type=\"container\" data-e-type=\"container\">\n\t\t\t\t<div class=\"elementor-element elementor-element-2148e44 elementor-widget elementor-widget-image\" data-id=\"2148e44\" data-element_type=\"widget\" data-e-type=\"widget\" data-widget_type=\"image.default\">\n\t\t\t\t\t\t\t\t\t\t\t\t\t\t\t<img fetchpriority=\"high\" decoding=\"async\" width=\"600\" height=\"600\" src=\"https:\/\/inoxes.com\/wp-content\/uploads\/deposito-agua-caliente-inoxes.png\" class=\"attachment-large size-large wp-image-265\" alt=\"\" srcset=\"https:\/\/inoxes.com\/wp-content\/uploads\/deposito-agua-caliente-inoxes.png 600w, https:\/\/inoxes.com\/wp-content\/uploads\/deposito-agua-caliente-inoxes-300x300.png 300w, https:\/\/inoxes.com\/wp-content\/uploads\/deposito-agua-caliente-inoxes-150x150.png 150w\" sizes=\"(max-width: 600px) 100vw, 600px\" \/>\t\t\t\t\t\t\t\t\t\t\t\t\t\t\t<\/div>\n\t\t\t\t<div class=\"elementor-element elementor-element-1dc27c4 elementor-widget elementor-widget-image\" data-id=\"1dc27c4\" data-element_type=\"widget\" data-e-type=\"widget\" data-widget_type=\"image.default\">\n\t\t\t\t\t\t\t\t\t\t\t\t\t\t\t<img decoding=\"async\" width=\"600\" height=\"600\" src=\"https:\/\/inoxes.com\/wp-content\/uploads\/deposito-agua-caliente-inoxes-2.png\" class=\"attachment-large size-large wp-image-280\" alt=\"\" srcset=\"https:\/\/inoxes.com\/wp-content\/uploads\/deposito-agua-caliente-inoxes-2.png 600w, https:\/\/inoxes.com\/wp-content\/uploads\/deposito-agua-caliente-inoxes-2-300x300.png 300w, https:\/\/inoxes.com\/wp-content\/uploads\/deposito-agua-caliente-inoxes-2-150x150.png 150w\" sizes=\"(max-width: 600px) 100vw, 600px\" \/>\t\t\t\t\t\t\t\t\t\t\t\t\t\t\t<\/div>\n\t\t\t\t<\/div>\n\t\t<div class=\"elementor-element elementor-element-28a85aa e-con-full e-flex e-con e-child\" data-id=\"28a85aa\" data-element_type=\"container\" data-e-type=\"container\">\n\t\t\t\t<div class=\"elementor-element elementor-element-2825971 sin-margen elementor-widget elementor-widget-text-editor\" data-id=\"2825971\" data-element_type=\"widget\" data-e-type=\"widget\" data-widget_type=\"text-editor.default\">\n\t\t\t\t\t\t\t\t\t<div class=\"page\" title=\"Page 1\"><div class=\"section\"><div class=\"layoutArea\"><div class=\"column\"><div class=\"page\" title=\"Page 2\"><div class=\"layoutArea\"><div class=\"column\"><p data-start=\"71\" data-end=\"141\">Dep\u00f3sito para aquecimento de \u00e1gua, destinado \u00e0 limpeza de linhas de engarrafamento.<\/p><p data-start=\"143\" data-end=\"643\">\u00a0<\/p><p data-start=\"143\" data-end=\"643\"><strong data-start=\"143\" data-end=\"166\">Acess\u00f3rios comuns:<br \/><\/strong><\/p><ul><li data-start=\"143\" data-end=\"643\">Capacidade: 1.000 L (ou conforme necessidade)<\/li><li data-start=\"143\" data-end=\"643\">Fabrico em AISI 304, espessura de 2 mm<\/li><li data-start=\"143\" data-end=\"643\">Isolamento em l\u00e3 de rocha de 60 mm<\/li><li data-start=\"143\" data-end=\"643\">Revestimento exterior em AISI 304, espessura de 2 mm<\/li><li data-start=\"143\" data-end=\"643\">Tampa superior<\/li><li data-start=\"143\" data-end=\"643\">Tubo de transbordo<\/li><li data-start=\"143\" data-end=\"643\">V\u00e1lvula de boia para controlo de enchimento<\/li><li data-start=\"143\" data-end=\"643\">Arm\u00e1rio el\u00e9trico de prote\u00e7\u00e3o e comando, com term\u00f3stato<\/li><li data-start=\"143\" data-end=\"643\">2 resist\u00eancias em a\u00e7o inoxid\u00e1vel ligado com tit\u00e2nio \u2013 7.200 W<\/li><li data-start=\"143\" data-end=\"643\">Arranque manual<\/li><li data-start=\"143\" data-end=\"643\">Interruptor de boia para evitar funcionamento em seco<\/li><li data-start=\"143\" data-end=\"643\">Sonda de temperatura PT100<br \/><br \/><\/li><\/ul><p data-start=\"645\" data-end=\"716\"><strong data-start=\"645\" data-end=\"673\">Restri\u00e7\u00f5es na adega:<\/strong><\/p><ul><li data-start=\"645\" data-end=\"716\">Altura \/ di\u00e2metro?<\/li><li data-start=\"645\" data-end=\"716\">Observa\u00e7\u00f5es<\/li><\/ul><\/div><\/div><\/div><\/div><\/div><\/div><\/div>\t\t\t\t\t\t\t\t<\/div>\n\t\t\t\t<\/div>\n\t\t\t\t\t<\/div>\n\t\t\t\t<\/div>\n\t\t\t\t<\/div>","protected":false},"excerpt":{"rendered":"<p>Dep\u00f3sito de agua caliente DESCARGAR FICHA Dep\u00f3sito para calentar agua, para limpieza de l\u00edneas de embotellado. \u00a0 Accesorios comunes: Capacidad: 1000 L? Fabricaci\u00f3n en AISI 304, de 2 mm de espesor Aislamiento con lana de roca de 60 mm Recubrimiento en AISI 304, de 2 mm de espesor Tapa superior Tubo rebosadero V\u00e1lvula de boya [&hellip;]<\/p>\n","protected":false},"author":1,"featured_media":0,"parent":207,"menu_order":0,"comment_status":"closed","ping_status":"closed","template":"","meta":{"footnotes":""},"class_list":["post-276","page","type-page","status-publish","hentry"],"yoast_head":"<!-- This site is optimized with the Yoast SEO plugin v27.2 - https:\/\/yoast.com\/product\/yoast-seo-wordpress\/ -->\n<title>Dep\u00f3sito de agua caliente - INOXES<\/title>\n<meta name=\"robots\" content=\"index, follow, max-snippet:-1, max-image-preview:large, max-video-preview:-1\" \/>\n<link rel=\"canonical\" href=\"https:\/\/inoxes.com\/pt\/depositos\/deposito-agua-caliente\/\" \/>\n<meta property=\"og:locale\" content=\"pt_PT\" \/>\n<meta property=\"og:type\" content=\"article\" \/>\n<meta property=\"og:title\" content=\"Dep\u00f3sito de agua caliente - INOXES\" \/>\n<meta property=\"og:description\" content=\"Dep\u00f3sito de agua caliente DESCARGAR FICHA Dep\u00f3sito para calentar agua, para limpieza de l\u00edneas de embotellado. \u00a0 Accesorios comunes: Capacidad: 1000 L? Fabricaci\u00f3n en AISI 304, de 2 mm de espesor Aislamiento con lana de roca de 60 mm Recubrimiento en AISI 304, de 2 mm de espesor Tapa superior Tubo rebosadero V\u00e1lvula de boya [&hellip;]\" \/>\n<meta property=\"og:url\" content=\"https:\/\/inoxes.com\/pt\/depositos\/deposito-agua-caliente\/\" \/>\n<meta property=\"og:site_name\" content=\"INOXES\" \/>\n<meta property=\"article:modified_time\" content=\"2025-11-25T18:41:55+00:00\" \/>\n<meta property=\"og:image\" content=\"https:\/\/inoxes.com\/wp-content\/uploads\/deposito-agua-caliente-inoxes.png\" \/>\n\t<meta property=\"og:image:width\" content=\"600\" \/>\n\t<meta property=\"og:image:height\" content=\"600\" \/>\n\t<meta property=\"og:image:type\" content=\"image\/png\" \/>\n<meta name=\"twitter:card\" content=\"summary_large_image\" \/>\n<script type=\"application\/ld+json\" class=\"yoast-schema-graph\">{\"@context\":\"https:\/\/schema.org\",\"@graph\":[{\"@type\":\"WebPage\",\"@id\":\"https:\/\/inoxes.com\/depositos\/deposito-agua-caliente\/\",\"url\":\"https:\/\/inoxes.com\/depositos\/deposito-agua-caliente\/\",\"name\":\"Dep\u00f3sito de agua caliente - INOXES\",\"isPartOf\":{\"@id\":\"https:\/\/inoxes.com\/#website\"},\"primaryImageOfPage\":{\"@id\":\"https:\/\/inoxes.com\/depositos\/deposito-agua-caliente\/#primaryimage\"},\"image\":{\"@id\":\"https:\/\/inoxes.com\/depositos\/deposito-agua-caliente\/#primaryimage\"},\"thumbnailUrl\":\"https:\/\/inoxes.com\/wp-content\/uploads\/deposito-agua-caliente-inoxes.png\",\"datePublished\":\"2025-11-25T08:02:18+00:00\",\"dateModified\":\"2025-11-25T18:41:55+00:00\",\"breadcrumb\":{\"@id\":\"https:\/\/inoxes.com\/depositos\/deposito-agua-caliente\/#breadcrumb\"},\"inLanguage\":\"pt-PT\",\"potentialAction\":[{\"@type\":\"ReadAction\",\"target\":[\"https:\/\/inoxes.com\/depositos\/deposito-agua-caliente\/\"]}]},{\"@type\":\"ImageObject\",\"inLanguage\":\"pt-PT\",\"@id\":\"https:\/\/inoxes.com\/depositos\/deposito-agua-caliente\/#primaryimage\",\"url\":\"https:\/\/inoxes.com\/wp-content\/uploads\/deposito-agua-caliente-inoxes.png\",\"contentUrl\":\"https:\/\/inoxes.com\/wp-content\/uploads\/deposito-agua-caliente-inoxes.png\"},{\"@type\":\"BreadcrumbList\",\"@id\":\"https:\/\/inoxes.com\/depositos\/deposito-agua-caliente\/#breadcrumb\",\"itemListElement\":[{\"@type\":\"ListItem\",\"position\":1,\"name\":\"Portada\",\"item\":\"https:\/\/inoxes.com\/\"},{\"@type\":\"ListItem\",\"position\":2,\"name\":\"Dep\u00f3sitos\",\"item\":\"https:\/\/inoxes.com\/depositos\/\"},{\"@type\":\"ListItem\",\"position\":3,\"name\":\"Dep\u00f3sito de agua caliente\"}]},{\"@type\":\"WebSite\",\"@id\":\"https:\/\/inoxes.com\/#website\",\"url\":\"https:\/\/inoxes.com\/\",\"name\":\"INOXES\",\"description\":\"\",\"publisher\":{\"@id\":\"https:\/\/inoxes.com\/#organization\"},\"potentialAction\":[{\"@type\":\"SearchAction\",\"target\":{\"@type\":\"EntryPoint\",\"urlTemplate\":\"https:\/\/inoxes.com\/?s={search_term_string}\"},\"query-input\":{\"@type\":\"PropertyValueSpecification\",\"valueRequired\":true,\"valueName\":\"search_term_string\"}}],\"inLanguage\":\"pt-PT\"},{\"@type\":\"Organization\",\"@id\":\"https:\/\/inoxes.com\/#organization\",\"name\":\"INOXES\",\"url\":\"https:\/\/inoxes.com\/\",\"logo\":{\"@type\":\"ImageObject\",\"inLanguage\":\"pt-PT\",\"@id\":\"https:\/\/inoxes.com\/#\/schema\/logo\/image\/\",\"url\":\"https:\/\/inoxes.com\/wp-content\/uploads\/inoxes-soluciones-acero-inoxidable.png\",\"contentUrl\":\"https:\/\/inoxes.com\/wp-content\/uploads\/inoxes-soluciones-acero-inoxidable.png\",\"width\":630,\"height\":316,\"caption\":\"INOXES\"},\"image\":{\"@id\":\"https:\/\/inoxes.com\/#\/schema\/logo\/image\/\"}}]}<\/script>\n<!-- \/ Yoast SEO plugin. -->","yoast_head_json":{"title":"Dep\u00f3sito de agua caliente - INOXES","robots":{"index":"index","follow":"follow","max-snippet":"max-snippet:-1","max-image-preview":"max-image-preview:large","max-video-preview":"max-video-preview:-1"},"canonical":"https:\/\/inoxes.com\/pt\/depositos\/deposito-agua-caliente\/","og_locale":"pt_PT","og_type":"article","og_title":"Dep\u00f3sito de agua caliente - INOXES","og_description":"Dep\u00f3sito de agua caliente DESCARGAR FICHA Dep\u00f3sito para calentar agua, para limpieza de l\u00edneas de embotellado. \u00a0 Accesorios comunes: Capacidad: 1000 L? Fabricaci\u00f3n en AISI 304, de 2 mm de espesor Aislamiento con lana de roca de 60 mm Recubrimiento en AISI 304, de 2 mm de espesor Tapa superior Tubo rebosadero V\u00e1lvula de boya [&hellip;]","og_url":"https:\/\/inoxes.com\/pt\/depositos\/deposito-agua-caliente\/","og_site_name":"INOXES","article_modified_time":"2025-11-25T18:41:55+00:00","og_image":[{"width":600,"height":600,"url":"https:\/\/inoxes.com\/wp-content\/uploads\/deposito-agua-caliente-inoxes.png","type":"image\/png"}],"twitter_card":"summary_large_image","schema":{"@context":"https:\/\/schema.org","@graph":[{"@type":"WebPage","@id":"https:\/\/inoxes.com\/depositos\/deposito-agua-caliente\/","url":"https:\/\/inoxes.com\/depositos\/deposito-agua-caliente\/","name":"Dep\u00f3sito de agua caliente - INOXES","isPartOf":{"@id":"https:\/\/inoxes.com\/#website"},"primaryImageOfPage":{"@id":"https:\/\/inoxes.com\/depositos\/deposito-agua-caliente\/#primaryimage"},"image":{"@id":"https:\/\/inoxes.com\/depositos\/deposito-agua-caliente\/#primaryimage"},"thumbnailUrl":"https:\/\/inoxes.com\/wp-content\/uploads\/deposito-agua-caliente-inoxes.png","datePublished":"2025-11-25T08:02:18+00:00","dateModified":"2025-11-25T18:41:55+00:00","breadcrumb":{"@id":"https:\/\/inoxes.com\/depositos\/deposito-agua-caliente\/#breadcrumb"},"inLanguage":"pt-PT","potentialAction":[{"@type":"ReadAction","target":["https:\/\/inoxes.com\/depositos\/deposito-agua-caliente\/"]}]},{"@type":"ImageObject","inLanguage":"pt-PT","@id":"https:\/\/inoxes.com\/depositos\/deposito-agua-caliente\/#primaryimage","url":"https:\/\/inoxes.com\/wp-content\/uploads\/deposito-agua-caliente-inoxes.png","contentUrl":"https:\/\/inoxes.com\/wp-content\/uploads\/deposito-agua-caliente-inoxes.png"},{"@type":"BreadcrumbList","@id":"https:\/\/inoxes.com\/depositos\/deposito-agua-caliente\/#breadcrumb","itemListElement":[{"@type":"ListItem","position":1,"name":"Portada","item":"https:\/\/inoxes.com\/"},{"@type":"ListItem","position":2,"name":"Dep\u00f3sitos","item":"https:\/\/inoxes.com\/depositos\/"},{"@type":"ListItem","position":3,"name":"Dep\u00f3sito de agua caliente"}]},{"@type":"WebSite","@id":"https:\/\/inoxes.com\/#website","url":"https:\/\/inoxes.com\/","name":"INOXES","description":"","publisher":{"@id":"https:\/\/inoxes.com\/#organization"},"potentialAction":[{"@type":"SearchAction","target":{"@type":"EntryPoint","urlTemplate":"https:\/\/inoxes.com\/?s={search_term_string}"},"query-input":{"@type":"PropertyValueSpecification","valueRequired":true,"valueName":"search_term_string"}}],"inLanguage":"pt-PT"},{"@type":"Organization","@id":"https:\/\/inoxes.com\/#organization","name":"INOXES","url":"https:\/\/inoxes.com\/","logo":{"@type":"ImageObject","inLanguage":"pt-PT","@id":"https:\/\/inoxes.com\/#\/schema\/logo\/image\/","url":"https:\/\/inoxes.com\/wp-content\/uploads\/inoxes-soluciones-acero-inoxidable.png","contentUrl":"https:\/\/inoxes.com\/wp-content\/uploads\/inoxes-soluciones-acero-inoxidable.png","width":630,"height":316,"caption":"INOXES"},"image":{"@id":"https:\/\/inoxes.com\/#\/schema\/logo\/image\/"}}]}},"_links":{"self":[{"href":"https:\/\/inoxes.com\/pt\/wp-json\/wp\/v2\/pages\/276","targetHints":{"allow":["GET"]}}],"collection":[{"href":"https:\/\/inoxes.com\/pt\/wp-json\/wp\/v2\/pages"}],"about":[{"href":"https:\/\/inoxes.com\/pt\/wp-json\/wp\/v2\/types\/page"}],"author":[{"embeddable":true,"href":"https:\/\/inoxes.com\/pt\/wp-json\/wp\/v2\/users\/1"}],"replies":[{"embeddable":true,"href":"https:\/\/inoxes.com\/pt\/wp-json\/wp\/v2\/comments?post=276"}],"version-history":[{"count":7,"href":"https:\/\/inoxes.com\/pt\/wp-json\/wp\/v2\/pages\/276\/revisions"}],"predecessor-version":[{"id":286,"href":"https:\/\/inoxes.com\/pt\/wp-json\/wp\/v2\/pages\/276\/revisions\/286"}],"up":[{"embeddable":true,"href":"https:\/\/inoxes.com\/pt\/wp-json\/wp\/v2\/pages\/207"}],"wp:attachment":[{"href":"https:\/\/inoxes.com\/pt\/wp-json\/wp\/v2\/media?parent=276"}],"curies":[{"name":"wp","href":"https:\/\/api.w.org\/{rel}","templated":true}]}}