{"id":336,"date":"2025-11-25T19:52:19","date_gmt":"2025-11-25T18:52:19","guid":{"rendered":"https:\/\/inoxes.com\/?page_id=336"},"modified":"2025-11-25T19:59:02","modified_gmt":"2025-11-25T18:59:02","slug":"deposito-fondo-conico","status":"publish","type":"page","link":"https:\/\/inoxes.com\/pt\/depositos\/deposito-fondo-conico\/","title":{"rendered":"Dep\u00f3sito fundo c\u00f3nico"},"content":{"rendered":"<div data-elementor-type=\"wp-page\" data-elementor-id=\"336\" class=\"elementor elementor-336\" data-elementor-post-type=\"page\">\n\t\t\t\t<div class=\"elementor-element elementor-element-5710e4f e-flex e-con-boxed e-con e-parent\" data-id=\"5710e4f\" data-element_type=\"container\" data-e-type=\"container\" data-settings=\"{&quot;background_background&quot;:&quot;classic&quot;}\">\n\t\t\t\t\t<div class=\"e-con-inner\">\n\t\t<div class=\"elementor-element elementor-element-09232fd e-con-full e-flex e-con e-child\" data-id=\"09232fd\" data-element_type=\"container\" data-e-type=\"container\">\n\t\t\t\t<\/div>\n\t\t<div class=\"elementor-element elementor-element-317370d e-con-full e-flex e-con e-child\" data-id=\"317370d\" data-element_type=\"container\" data-e-type=\"container\">\n\t\t\t\t<div class=\"elementor-element elementor-element-ce072c2 elementor-align-left elementor-widget__width-initial elementor-mobile-align-center elementor-widget elementor-widget-button\" data-id=\"ce072c2\" data-element_type=\"widget\" data-e-type=\"widget\" data-widget_type=\"button.default\">\n\t\t\t\t\t\t\t\t\t\t<a class=\"elementor-button elementor-button-link elementor-size-sm\" href=\"#\">\n\t\t\t\t\t\t<span class=\"elementor-button-content-wrapper\">\n\t\t\t\t\t\t<span class=\"elementor-button-icon\">\n\t\t\t\t<svg aria-hidden=\"true\" class=\"e-font-icon-svg e-fas-file-alt\" viewbox=\"0 0 384 512\" xmlns=\"http:\/\/www.w3.org\/2000\/svg\"><path d=\"M224 136V0H24C10.7 0 0 10.7 0 24v464c0 13.3 10.7 24 24 24h336c13.3 0 24-10.7 24-24V160H248c-13.2 0-24-10.8-24-24zm64 236c0 6.6-5.4 12-12 12H108c-6.6 0-12-5.4-12-12v-8c0-6.6 5.4-12 12-12h168c6.6 0 12 5.4 12 12v8zm0-64c0 6.6-5.4 12-12 12H108c-6.6 0-12-5.4-12-12v-8c0-6.6 5.4-12 12-12h168c6.6 0 12 5.4 12 12v8zm0-72v8c0 6.6-5.4 12-12 12H108c-6.6 0-12-5.4-12-12v-8c0-6.6 5.4-12 12-12h168c6.6 0 12 5.4 12 12zm96-114.1v6.1H256V0h6.1c6.4 0 12.5 2.5 17 7l97.9 98c4.5 4.5 7 10.6 7 16.9z\"><\/path><\/svg>\t\t\t<\/span>\n\t\t\t\t\t\t\t\t\t<span class=\"elementor-button-text\">DESCARGAR FICHA<\/span>\n\t\t\t\t\t<\/span>\n\t\t\t\t\t<\/a>\n\t\t\t\t\t\t\t\t<\/div>\n\t\t\t\t<\/div>\n\t\t\t\t\t<\/div>\n\t\t\t\t<\/div>\n\t\t<div class=\"elementor-element elementor-element-5fb9548 e-flex e-con-boxed e-con e-parent\" data-id=\"5fb9548\" data-element_type=\"container\" data-e-type=\"container\" data-settings=\"{&quot;background_background&quot;:&quot;classic&quot;}\">\n\t\t\t\t\t<div class=\"e-con-inner\">\n\t\t<div class=\"elementor-element elementor-element-58c83fe e-con-full e-flex e-con e-child\" data-id=\"58c83fe\" data-element_type=\"container\" data-e-type=\"container\">\n\t\t\t\t<div class=\"elementor-element elementor-element-2148e44 elementor-widget elementor-widget-image\" data-id=\"2148e44\" data-element_type=\"widget\" data-e-type=\"widget\" data-widget_type=\"image.default\">\n\t\t\t\t\t\t\t\t\t\t\t\t\t\t\t<img fetchpriority=\"high\" decoding=\"async\" width=\"600\" height=\"600\" src=\"https:\/\/inoxes.com\/wp-content\/uploads\/deposito-fondo-conico-inoxes.png\" class=\"attachment-large size-large wp-image-272\" alt=\"\" srcset=\"https:\/\/inoxes.com\/wp-content\/uploads\/deposito-fondo-conico-inoxes.png 600w, https:\/\/inoxes.com\/wp-content\/uploads\/deposito-fondo-conico-inoxes-300x300.png 300w, https:\/\/inoxes.com\/wp-content\/uploads\/deposito-fondo-conico-inoxes-150x150.png 150w\" sizes=\"(max-width: 600px) 100vw, 600px\" \/>\t\t\t\t\t\t\t\t\t\t\t\t\t\t\t<\/div>\n\t\t\t\t<div class=\"elementor-element elementor-element-1dc27c4 elementor-widget elementor-widget-image\" data-id=\"1dc27c4\" data-element_type=\"widget\" data-e-type=\"widget\" data-widget_type=\"image.default\">\n\t\t\t\t\t\t\t\t\t\t\t\t\t\t\t<img decoding=\"async\" width=\"600\" height=\"600\" src=\"https:\/\/inoxes.com\/wp-content\/uploads\/deposito-fondo-conico-inoxes-2.png\" class=\"attachment-large size-large wp-image-338\" alt=\"\" srcset=\"https:\/\/inoxes.com\/wp-content\/uploads\/deposito-fondo-conico-inoxes-2.png 600w, https:\/\/inoxes.com\/wp-content\/uploads\/deposito-fondo-conico-inoxes-2-300x300.png 300w, https:\/\/inoxes.com\/wp-content\/uploads\/deposito-fondo-conico-inoxes-2-150x150.png 150w\" sizes=\"(max-width: 600px) 100vw, 600px\" \/>\t\t\t\t\t\t\t\t\t\t\t\t\t\t\t<\/div>\n\t\t\t\t<\/div>\n\t\t<div class=\"elementor-element elementor-element-28a85aa e-con-full e-flex e-con e-child\" data-id=\"28a85aa\" data-element_type=\"container\" data-e-type=\"container\">\n\t\t\t\t<div class=\"elementor-element elementor-element-2825971 sin-margen elementor-widget elementor-widget-text-editor\" data-id=\"2825971\" data-element_type=\"widget\" data-e-type=\"widget\" data-widget_type=\"text-editor.default\">\n\t\t\t\t\t\t\t\t\t<div class=\"page\" title=\"Page 1\">\n<div class=\"section\">\n<div class=\"layoutArea\">\n<div class=\"column\">\n<div class=\"page\" title=\"Page 2\">\n<div class=\"layoutArea\">\n<div class=\"column\">\n<p>Dep\u00f3sito de fundo c\u00f3nico<br>Fermenta\u00e7\u00e3o e armazenamento<br><br><\/p>\n<p>Acess\u00f3rios comuns:<\/p>\n<ul>\n<li>Capacidade: conforme projeto<\/li>\n<li>Fabrico em AISI 316 \/ AISI 304, espessura m\u00ednima de 2 mm (consoante dimens\u00f5es)<\/li>\n<li>Tampa superior \u00d8 400<\/li>\n<li>Camisa superior de refrigera\u00e7\u00e3o canelada<\/li>\n<li>V\u00e1lvula de seguran\u00e7a de duplo efeito em a\u00e7o inoxid\u00e1vel<\/li>\n<li>Olhais de eleva\u00e7\u00e3o<\/li>\n<li>Term\u00f3metro<\/li>\n<li>Torneira de amostragem<\/li>\n<li>Bainha para sonda de temperatura (quando equipado com camisa)<\/li>\n<li>Porta inferior oval<\/li>\n<li>Sa\u00edda de mostos limpos com joelho \u201cbusca-claros\u201d e v\u00e1lvula borboleta<\/li>\n<li>Sa\u00edda inferior para esvaziamento total com v\u00e1lvula borboleta<\/li>\n<li>Di\u00e2metro das sa\u00eddas conforme dep\u00f3sitos existentes (NW40 \/ NW50, etc.)<\/li>\n<\/ul>\n<p><br>Op\u00e7\u00f5es habituais:<\/p>\n<ul>\n<li>Fabrico integral em AISI 316 (exceto camisas)<\/li>\n<li>Tampa superior deslocada para a frente ou traseira<\/li>\n<li>V\u00e1lvulas para inertiza\u00e7\u00e3o<\/li>\n<li>Camisa inferior de refrigera\u00e7\u00e3o ou arrefecimento<\/li>\n<li>Porta inferior retangular vertical ou horizontal (420\u00d7310, 530\u00d7410, 750\u00d7450)<\/li>\n<li>P\u00e9s regul\u00e1veis em altura<\/li>\n<li>Sistema de medi\u00e7\u00e3o de n\u00edvel com r\u00e9gua graduada e v\u00e1lvula de purga de 3 vias<\/li>\n<\/ul>\n<p><br>Restri\u00e7\u00f5es na adega:<\/p>\n<ul>\n<li>Altura \/ di\u00e2metro?<\/li>\n<li>Existem outros dep\u00f3sitos semelhantes na adega?<\/li>\n<li>Observa\u00e7\u00f5es<\/li>\n<\/ul>\n<\/div>\n<\/div>\n<\/div>\n<\/div>\n<\/div>\n<\/div>\n<\/div>\t\t\t\t\t\t\t\t<\/div>\n\t\t\t\t<\/div>\n\t\t\t\t\t<\/div>\n\t\t\t\t<\/div>\n\t\t\t\t<\/div>","protected":false},"excerpt":{"rendered":"<p>DESCARGAR FICHA Dep\u00f3sito fondos c\u00f3nicosFermentaci\u00f3n y almacenamiento Accesorios comunes: Capacidad: Fabricaci\u00f3n en AISI316\/AISI304, de al menos 2 mm de espesor (seg\u00fan dimensiones) Tapa superior di\u00e1metro 400 Camisa acanalada superior de refrigeraci\u00f3n V\u00e1lvula seguridad doble efecto acero inoxidable Orejetas izado Term\u00f3metro Grifo tomamuestra Vaina para sonda de temperatura (cuando llevan camisa) Puerta inferior ovalada Salida de [&hellip;]<\/p>\n","protected":false},"author":1,"featured_media":0,"parent":207,"menu_order":0,"comment_status":"closed","ping_status":"closed","template":"","meta":{"footnotes":""},"class_list":["post-336","page","type-page","status-publish","hentry"],"yoast_head":"<!-- This site is optimized with the Yoast SEO plugin v27.2 - https:\/\/yoast.com\/product\/yoast-seo-wordpress\/ -->\n<title>Dep\u00f3sito fondo c\u00f3nico - INOXES<\/title>\n<meta name=\"robots\" content=\"index, follow, max-snippet:-1, max-image-preview:large, max-video-preview:-1\" \/>\n<link rel=\"canonical\" href=\"https:\/\/inoxes.com\/pt\/depositos\/deposito-fondo-conico\/\" \/>\n<meta property=\"og:locale\" content=\"pt_PT\" \/>\n<meta property=\"og:type\" content=\"article\" \/>\n<meta property=\"og:title\" content=\"Dep\u00f3sito fondo c\u00f3nico - INOXES\" \/>\n<meta property=\"og:description\" content=\"DESCARGAR FICHA Dep\u00f3sito fondos c\u00f3nicosFermentaci\u00f3n y almacenamiento Accesorios comunes: Capacidad: Fabricaci\u00f3n en AISI316\/AISI304, de al menos 2 mm de espesor (seg\u00fan dimensiones) Tapa superior di\u00e1metro 400 Camisa acanalada superior de refrigeraci\u00f3n V\u00e1lvula seguridad doble efecto acero inoxidable Orejetas izado Term\u00f3metro Grifo tomamuestra Vaina para sonda de temperatura (cuando llevan camisa) Puerta inferior ovalada Salida de [&hellip;]\" \/>\n<meta property=\"og:url\" content=\"https:\/\/inoxes.com\/pt\/depositos\/deposito-fondo-conico\/\" \/>\n<meta property=\"og:site_name\" content=\"INOXES\" \/>\n<meta property=\"article:modified_time\" content=\"2025-11-25T18:59:02+00:00\" \/>\n<meta property=\"og:image\" content=\"https:\/\/inoxes.com\/wp-content\/uploads\/deposito-fondo-conico-inoxes.png\" \/>\n\t<meta property=\"og:image:width\" content=\"600\" \/>\n\t<meta property=\"og:image:height\" content=\"600\" \/>\n\t<meta property=\"og:image:type\" content=\"image\/png\" \/>\n<meta name=\"twitter:card\" content=\"summary_large_image\" \/>\n<meta name=\"twitter:label1\" content=\"Tempo estimado de leitura\" \/>\n\t<meta name=\"twitter:data1\" content=\"1 minuto\" \/>\n<script type=\"application\/ld+json\" class=\"yoast-schema-graph\">{\"@context\":\"https:\/\/schema.org\",\"@graph\":[{\"@type\":\"WebPage\",\"@id\":\"https:\/\/inoxes.com\/depositos\/deposito-fondo-conico\/\",\"url\":\"https:\/\/inoxes.com\/depositos\/deposito-fondo-conico\/\",\"name\":\"Dep\u00f3sito fondo c\u00f3nico - INOXES\",\"isPartOf\":{\"@id\":\"https:\/\/inoxes.com\/#website\"},\"primaryImageOfPage\":{\"@id\":\"https:\/\/inoxes.com\/depositos\/deposito-fondo-conico\/#primaryimage\"},\"image\":{\"@id\":\"https:\/\/inoxes.com\/depositos\/deposito-fondo-conico\/#primaryimage\"},\"thumbnailUrl\":\"https:\/\/inoxes.com\/wp-content\/uploads\/deposito-fondo-conico-inoxes.png\",\"datePublished\":\"2025-11-25T18:52:19+00:00\",\"dateModified\":\"2025-11-25T18:59:02+00:00\",\"breadcrumb\":{\"@id\":\"https:\/\/inoxes.com\/depositos\/deposito-fondo-conico\/#breadcrumb\"},\"inLanguage\":\"pt-PT\",\"potentialAction\":[{\"@type\":\"ReadAction\",\"target\":[\"https:\/\/inoxes.com\/depositos\/deposito-fondo-conico\/\"]}]},{\"@type\":\"ImageObject\",\"inLanguage\":\"pt-PT\",\"@id\":\"https:\/\/inoxes.com\/depositos\/deposito-fondo-conico\/#primaryimage\",\"url\":\"https:\/\/inoxes.com\/wp-content\/uploads\/deposito-fondo-conico-inoxes.png\",\"contentUrl\":\"https:\/\/inoxes.com\/wp-content\/uploads\/deposito-fondo-conico-inoxes.png\"},{\"@type\":\"BreadcrumbList\",\"@id\":\"https:\/\/inoxes.com\/depositos\/deposito-fondo-conico\/#breadcrumb\",\"itemListElement\":[{\"@type\":\"ListItem\",\"position\":1,\"name\":\"Portada\",\"item\":\"https:\/\/inoxes.com\/\"},{\"@type\":\"ListItem\",\"position\":2,\"name\":\"Dep\u00f3sitos\",\"item\":\"https:\/\/inoxes.com\/depositos\/\"},{\"@type\":\"ListItem\",\"position\":3,\"name\":\"Dep\u00f3sito fondo c\u00f3nico\"}]},{\"@type\":\"WebSite\",\"@id\":\"https:\/\/inoxes.com\/#website\",\"url\":\"https:\/\/inoxes.com\/\",\"name\":\"INOXES\",\"description\":\"\",\"publisher\":{\"@id\":\"https:\/\/inoxes.com\/#organization\"},\"potentialAction\":[{\"@type\":\"SearchAction\",\"target\":{\"@type\":\"EntryPoint\",\"urlTemplate\":\"https:\/\/inoxes.com\/?s={search_term_string}\"},\"query-input\":{\"@type\":\"PropertyValueSpecification\",\"valueRequired\":true,\"valueName\":\"search_term_string\"}}],\"inLanguage\":\"pt-PT\"},{\"@type\":\"Organization\",\"@id\":\"https:\/\/inoxes.com\/#organization\",\"name\":\"INOXES\",\"url\":\"https:\/\/inoxes.com\/\",\"logo\":{\"@type\":\"ImageObject\",\"inLanguage\":\"pt-PT\",\"@id\":\"https:\/\/inoxes.com\/#\/schema\/logo\/image\/\",\"url\":\"https:\/\/inoxes.com\/wp-content\/uploads\/inoxes-soluciones-acero-inoxidable.png\",\"contentUrl\":\"https:\/\/inoxes.com\/wp-content\/uploads\/inoxes-soluciones-acero-inoxidable.png\",\"width\":630,\"height\":316,\"caption\":\"INOXES\"},\"image\":{\"@id\":\"https:\/\/inoxes.com\/#\/schema\/logo\/image\/\"}}]}<\/script>\n<!-- \/ Yoast SEO plugin. -->","yoast_head_json":{"title":"Dep\u00f3sito fondo c\u00f3nico - INOXES","robots":{"index":"index","follow":"follow","max-snippet":"max-snippet:-1","max-image-preview":"max-image-preview:large","max-video-preview":"max-video-preview:-1"},"canonical":"https:\/\/inoxes.com\/pt\/depositos\/deposito-fondo-conico\/","og_locale":"pt_PT","og_type":"article","og_title":"Dep\u00f3sito fondo c\u00f3nico - INOXES","og_description":"DESCARGAR FICHA Dep\u00f3sito fondos c\u00f3nicosFermentaci\u00f3n y almacenamiento Accesorios comunes: Capacidad: Fabricaci\u00f3n en AISI316\/AISI304, de al menos 2 mm de espesor (seg\u00fan dimensiones) Tapa superior di\u00e1metro 400 Camisa acanalada superior de refrigeraci\u00f3n V\u00e1lvula seguridad doble efecto acero inoxidable Orejetas izado Term\u00f3metro Grifo tomamuestra Vaina para sonda de temperatura (cuando llevan camisa) Puerta inferior ovalada Salida de [&hellip;]","og_url":"https:\/\/inoxes.com\/pt\/depositos\/deposito-fondo-conico\/","og_site_name":"INOXES","article_modified_time":"2025-11-25T18:59:02+00:00","og_image":[{"width":600,"height":600,"url":"https:\/\/inoxes.com\/wp-content\/uploads\/deposito-fondo-conico-inoxes.png","type":"image\/png"}],"twitter_card":"summary_large_image","twitter_misc":{"Tempo estimado de leitura":"1 minuto"},"schema":{"@context":"https:\/\/schema.org","@graph":[{"@type":"WebPage","@id":"https:\/\/inoxes.com\/depositos\/deposito-fondo-conico\/","url":"https:\/\/inoxes.com\/depositos\/deposito-fondo-conico\/","name":"Dep\u00f3sito fondo c\u00f3nico - INOXES","isPartOf":{"@id":"https:\/\/inoxes.com\/#website"},"primaryImageOfPage":{"@id":"https:\/\/inoxes.com\/depositos\/deposito-fondo-conico\/#primaryimage"},"image":{"@id":"https:\/\/inoxes.com\/depositos\/deposito-fondo-conico\/#primaryimage"},"thumbnailUrl":"https:\/\/inoxes.com\/wp-content\/uploads\/deposito-fondo-conico-inoxes.png","datePublished":"2025-11-25T18:52:19+00:00","dateModified":"2025-11-25T18:59:02+00:00","breadcrumb":{"@id":"https:\/\/inoxes.com\/depositos\/deposito-fondo-conico\/#breadcrumb"},"inLanguage":"pt-PT","potentialAction":[{"@type":"ReadAction","target":["https:\/\/inoxes.com\/depositos\/deposito-fondo-conico\/"]}]},{"@type":"ImageObject","inLanguage":"pt-PT","@id":"https:\/\/inoxes.com\/depositos\/deposito-fondo-conico\/#primaryimage","url":"https:\/\/inoxes.com\/wp-content\/uploads\/deposito-fondo-conico-inoxes.png","contentUrl":"https:\/\/inoxes.com\/wp-content\/uploads\/deposito-fondo-conico-inoxes.png"},{"@type":"BreadcrumbList","@id":"https:\/\/inoxes.com\/depositos\/deposito-fondo-conico\/#breadcrumb","itemListElement":[{"@type":"ListItem","position":1,"name":"Portada","item":"https:\/\/inoxes.com\/"},{"@type":"ListItem","position":2,"name":"Dep\u00f3sitos","item":"https:\/\/inoxes.com\/depositos\/"},{"@type":"ListItem","position":3,"name":"Dep\u00f3sito fondo c\u00f3nico"}]},{"@type":"WebSite","@id":"https:\/\/inoxes.com\/#website","url":"https:\/\/inoxes.com\/","name":"INOXES","description":"","publisher":{"@id":"https:\/\/inoxes.com\/#organization"},"potentialAction":[{"@type":"SearchAction","target":{"@type":"EntryPoint","urlTemplate":"https:\/\/inoxes.com\/?s={search_term_string}"},"query-input":{"@type":"PropertyValueSpecification","valueRequired":true,"valueName":"search_term_string"}}],"inLanguage":"pt-PT"},{"@type":"Organization","@id":"https:\/\/inoxes.com\/#organization","name":"INOXES","url":"https:\/\/inoxes.com\/","logo":{"@type":"ImageObject","inLanguage":"pt-PT","@id":"https:\/\/inoxes.com\/#\/schema\/logo\/image\/","url":"https:\/\/inoxes.com\/wp-content\/uploads\/inoxes-soluciones-acero-inoxidable.png","contentUrl":"https:\/\/inoxes.com\/wp-content\/uploads\/inoxes-soluciones-acero-inoxidable.png","width":630,"height":316,"caption":"INOXES"},"image":{"@id":"https:\/\/inoxes.com\/#\/schema\/logo\/image\/"}}]}},"_links":{"self":[{"href":"https:\/\/inoxes.com\/pt\/wp-json\/wp\/v2\/pages\/336","targetHints":{"allow":["GET"]}}],"collection":[{"href":"https:\/\/inoxes.com\/pt\/wp-json\/wp\/v2\/pages"}],"about":[{"href":"https:\/\/inoxes.com\/pt\/wp-json\/wp\/v2\/types\/page"}],"author":[{"embeddable":true,"href":"https:\/\/inoxes.com\/pt\/wp-json\/wp\/v2\/users\/1"}],"replies":[{"embeddable":true,"href":"https:\/\/inoxes.com\/pt\/wp-json\/wp\/v2\/comments?post=336"}],"version-history":[{"count":4,"href":"https:\/\/inoxes.com\/pt\/wp-json\/wp\/v2\/pages\/336\/revisions"}],"predecessor-version":[{"id":341,"href":"https:\/\/inoxes.com\/pt\/wp-json\/wp\/v2\/pages\/336\/revisions\/341"}],"up":[{"embeddable":true,"href":"https:\/\/inoxes.com\/pt\/wp-json\/wp\/v2\/pages\/207"}],"wp:attachment":[{"href":"https:\/\/inoxes.com\/pt\/wp-json\/wp\/v2\/media?parent=336"}],"curies":[{"name":"wp","href":"https:\/\/api.w.org\/{rel}","templated":true}]}}