{"id":552,"date":"2025-11-28T14:09:06","date_gmt":"2025-11-28T13:09:06","guid":{"rendered":"https:\/\/inoxes.com\/?page_id=552"},"modified":"2025-11-28T14:29:22","modified_gmt":"2025-11-28T13:29:22","slug":"escaleras","status":"publish","type":"page","link":"https:\/\/inoxes.com\/pt\/escaleras\/","title":{"rendered":"Escaleras"},"content":{"rendered":"\t\t<div data-elementor-type=\"wp-page\" data-elementor-id=\"552\" class=\"elementor elementor-552\" data-elementor-post-type=\"page\">\n\t\t\t\t<div class=\"elementor-element elementor-element-a6c7135 e-con-full e-flex e-con e-parent\" data-id=\"a6c7135\" data-element_type=\"container\" data-e-type=\"container\" data-settings=\"{&quot;background_background&quot;:&quot;classic&quot;}\">\n\t\t<div class=\"elementor-element elementor-element-20bcaf3 e-con-full e-flex e-con e-child\" data-id=\"20bcaf3\" data-element_type=\"container\" data-e-type=\"container\" data-settings=\"{&quot;background_background&quot;:&quot;classic&quot;}\">\n\t\t<div class=\"elementor-element elementor-element-bdf87f3 e-con-full e-flex e-con e-child\" data-id=\"bdf87f3\" data-element_type=\"container\" data-e-type=\"container\" data-settings=\"{&quot;background_background&quot;:&quot;classic&quot;}\">\n\t\t\t\t<\/div>\n\t\t\t\t<\/div>\n\t\t<div class=\"elementor-element elementor-element-f2dbeae e-con-full elementor-hidden-mobile e-flex e-con e-child\" data-id=\"f2dbeae\" data-element_type=\"container\" data-e-type=\"container\">\n\t\t\t\t<\/div>\n\t\t\t\t<\/div>\n\t\t<div class=\"elementor-element elementor-element-c520ca3 e-flex e-con-boxed e-con e-parent\" data-id=\"c520ca3\" data-element_type=\"container\" data-e-type=\"container\" data-settings=\"{&quot;background_background&quot;:&quot;classic&quot;}\">\n\t\t\t\t\t<div class=\"e-con-inner\">\n\t\t\t\t<div class=\"elementor-element elementor-element-d98ee0a elementor-widget elementor-widget-gallery\" data-id=\"d98ee0a\" data-element_type=\"widget\" data-e-type=\"widget\" data-settings=\"{&quot;gallery_layout&quot;:&quot;masonry&quot;,&quot;columns&quot;:3,&quot;lazyload&quot;:&quot;yes&quot;,&quot;columns_tablet&quot;:2,&quot;columns_mobile&quot;:1,&quot;gap&quot;:{&quot;unit&quot;:&quot;px&quot;,&quot;size&quot;:10,&quot;sizes&quot;:[]},&quot;gap_widescreen&quot;:{&quot;unit&quot;:&quot;px&quot;,&quot;size&quot;:&quot;&quot;,&quot;sizes&quot;:[]},&quot;gap_laptop&quot;:{&quot;unit&quot;:&quot;px&quot;,&quot;size&quot;:10,&quot;sizes&quot;:[]},&quot;gap_tablet_extra&quot;:{&quot;unit&quot;:&quot;px&quot;,&quot;size&quot;:10,&quot;sizes&quot;:[]},&quot;gap_tablet&quot;:{&quot;unit&quot;:&quot;px&quot;,&quot;size&quot;:10,&quot;sizes&quot;:[]},&quot;gap_mobile_extra&quot;:{&quot;unit&quot;:&quot;px&quot;,&quot;size&quot;:10,&quot;sizes&quot;:[]},&quot;gap_mobile&quot;:{&quot;unit&quot;:&quot;px&quot;,&quot;size&quot;:10,&quot;sizes&quot;:[]},&quot;link_to&quot;:&quot;file&quot;,&quot;overlay_background&quot;:&quot;yes&quot;,&quot;content_hover_animation&quot;:&quot;fade-in&quot;}\" data-widget_type=\"gallery.default\">\n\t\t\t\t\t\t\t<div class=\"elementor-gallery__container\">\n\t\t\t\t\t\t\t<a class=\"e-gallery-item elementor-gallery-item elementor-animated-content\" href=\"https:\/\/inoxes.com\/wp-content\/uploads\/escaleras-inoxes-1.jpg\" data-elementor-open-lightbox=\"yes\" data-elementor-lightbox-slideshow=\"d98ee0a\" data-elementor-lightbox-title=\"escaleras-inoxes-1\" data-e-action-hash=\"#elementor-action%3Aaction%3Dlightbox%26settings%3DeyJpZCI6NTU0LCJ1cmwiOiJodHRwczpcL1wvaW5veGVzLmNvbVwvd3AtY29udGVudFwvdXBsb2Fkc1wvZXNjYWxlcmFzLWlub3hlcy0xLmpwZyIsInNsaWRlc2hvdyI6ImQ5OGVlMGEifQ%3D%3D\">\n\t\t\t\t\t<div class=\"e-gallery-image elementor-gallery-item__image\" data-thumbnail=\"https:\/\/inoxes.com\/wp-content\/uploads\/escaleras-inoxes-1.jpg\" data-width=\"1333\" data-height=\"2000\" aria-label=\"\" role=\"img\" ><\/div>\n\t\t\t\t\t\t\t\t\t\t\t<div class=\"elementor-gallery-item__overlay\"><\/div>\n\t\t\t\t\t\t\t\t\t\t\t\t\t\t<\/a>\n\t\t\t\t\t\t\t<a class=\"e-gallery-item elementor-gallery-item elementor-animated-content\" href=\"https:\/\/inoxes.com\/wp-content\/uploads\/escaleras-inoxes-2.jpg\" data-elementor-open-lightbox=\"yes\" data-elementor-lightbox-slideshow=\"d98ee0a\" data-elementor-lightbox-title=\"escaleras-inoxes-2\" data-e-action-hash=\"#elementor-action%3Aaction%3Dlightbox%26settings%3DeyJpZCI6NTU1LCJ1cmwiOiJodHRwczpcL1wvaW5veGVzLmNvbVwvd3AtY29udGVudFwvdXBsb2Fkc1wvZXNjYWxlcmFzLWlub3hlcy0yLmpwZyIsInNsaWRlc2hvdyI6ImQ5OGVlMGEifQ%3D%3D\">\n\t\t\t\t\t<div class=\"e-gallery-image elementor-gallery-item__image\" data-thumbnail=\"https:\/\/inoxes.com\/wp-content\/uploads\/escaleras-inoxes-2.jpg\" data-width=\"1333\" data-height=\"2000\" aria-label=\"\" role=\"img\" ><\/div>\n\t\t\t\t\t\t\t\t\t\t\t<div class=\"elementor-gallery-item__overlay\"><\/div>\n\t\t\t\t\t\t\t\t\t\t\t\t\t\t<\/a>\n\t\t\t\t\t\t\t<a class=\"e-gallery-item elementor-gallery-item elementor-animated-content\" href=\"https:\/\/inoxes.com\/wp-content\/uploads\/escaleras-inoxes-3.jpg\" data-elementor-open-lightbox=\"yes\" data-elementor-lightbox-slideshow=\"d98ee0a\" data-elementor-lightbox-title=\"escaleras-inoxes-3\" data-e-action-hash=\"#elementor-action%3Aaction%3Dlightbox%26settings%3DeyJpZCI6NTU2LCJ1cmwiOiJodHRwczpcL1wvaW5veGVzLmNvbVwvd3AtY29udGVudFwvdXBsb2Fkc1wvZXNjYWxlcmFzLWlub3hlcy0zLmpwZyIsInNsaWRlc2hvdyI6ImQ5OGVlMGEifQ%3D%3D\">\n\t\t\t\t\t<div class=\"e-gallery-image elementor-gallery-item__image\" data-thumbnail=\"https:\/\/inoxes.com\/wp-content\/uploads\/escaleras-inoxes-3.jpg\" data-width=\"1333\" data-height=\"2000\" aria-label=\"\" role=\"img\" ><\/div>\n\t\t\t\t\t\t\t\t\t\t\t<div class=\"elementor-gallery-item__overlay\"><\/div>\n\t\t\t\t\t\t\t\t\t\t\t\t\t\t<\/a>\n\t\t\t\t\t<\/div>\n\t\t\t\t\t<\/div>\n\t\t\t\t\t<\/div>\n\t\t\t\t<\/div>\n\t\t<div class=\"elementor-element elementor-element-02d1728 e-grid elementor-hidden-widescreen elementor-hidden-desktop elementor-hidden-laptop elementor-hidden-tablet_extra elementor-hidden-tablet elementor-hidden-mobile_extra elementor-hidden-mobile e-con-boxed e-con e-parent\" data-id=\"02d1728\" data-element_type=\"container\" data-e-type=\"container\" data-settings=\"{&quot;background_background&quot;:&quot;classic&quot;}\">\n\t\t\t\t\t<div class=\"e-con-inner\">\n\t\t<div class=\"elementor-element elementor-element-74bf82c e-con-full deposito-indice e-flex elementor-invisible e-con e-child\" data-id=\"74bf82c\" data-element_type=\"container\" data-e-type=\"container\" data-settings=\"{&quot;background_background&quot;:&quot;gradient&quot;,&quot;animation&quot;:&quot;fadeIn&quot;}\">\n\t\t\t\t<\/div>\n\t\t<div class=\"elementor-element elementor-element-4814be7 e-con-full deposito-indice e-flex elementor-invisible e-con e-child\" data-id=\"4814be7\" data-element_type=\"container\" data-e-type=\"container\" data-settings=\"{&quot;background_background&quot;:&quot;gradient&quot;,&quot;animation&quot;:&quot;fadeIn&quot;}\">\n\t\t\t\t<div class=\"elementor-element elementor-element-d65459d elementor-widget__width-initial elementor-widget elementor-widget-heading\" data-id=\"d65459d\" data-element_type=\"widget\" data-e-type=\"widget\" data-widget_type=\"heading.default\">\n\t\t\t\t\t<h2 class=\"elementor-heading-title elementor-size-default\"><a href=\"https:\/\/inoxes.com\/depositos\/deposito-autovaciante\/\">Autovaciante<\/a><\/h2>\t\t\t\t<\/div>\n\t\t\t\t<\/div>\n\t\t<div class=\"elementor-element elementor-element-dc9fc28 e-con-full deposito-indice e-flex elementor-invisible e-con e-child\" data-id=\"dc9fc28\" data-element_type=\"container\" data-e-type=\"container\" data-settings=\"{&quot;background_background&quot;:&quot;gradient&quot;,&quot;animation&quot;:&quot;fadeIn&quot;}\">\n\t\t\t\t<div class=\"elementor-element elementor-element-fc0877e elementor-widget__width-initial elementor-widget elementor-widget-heading\" data-id=\"fc0877e\" data-element_type=\"widget\" data-e-type=\"widget\" data-widget_type=\"heading.default\">\n\t\t\t\t\t<h2 class=\"elementor-heading-title elementor-size-default\"><a href=\"https:\/\/inoxes.com\/depositos\/deposito-fondo-conico\/\">Fondo c\u00f3nico<\/a><\/h2>\t\t\t\t<\/div>\n\t\t\t\t<\/div>\n\t\t<div class=\"elementor-element elementor-element-a624ef0 e-con-full deposito-indice e-flex elementor-invisible e-con e-child\" data-id=\"a624ef0\" data-element_type=\"container\" data-e-type=\"container\" data-settings=\"{&quot;background_background&quot;:&quot;gradient&quot;,&quot;animation&quot;:&quot;fadeIn&quot;}\">\n\t\t\t\t<div class=\"elementor-element elementor-element-5c61fc0 elementor-widget__width-initial elementor-widget elementor-widget-heading\" data-id=\"5c61fc0\" data-element_type=\"widget\" data-e-type=\"widget\" data-widget_type=\"heading.default\">\n\t\t\t\t\t<h2 class=\"elementor-heading-title elementor-size-default\"><a href=\"https:\/\/inoxes.com\/depositos\/deposito-fondo-conico-tapa-desplazada\/\">Fondo c\u00f3nico y tapa desplazada<\/a><\/h2>\t\t\t\t<\/div>\n\t\t\t\t<\/div>\n\t\t<div class=\"elementor-element elementor-element-4bda9f6 e-con-full deposito-indice e-flex elementor-invisible e-con e-child\" data-id=\"4bda9f6\" data-element_type=\"container\" data-e-type=\"container\" data-settings=\"{&quot;background_background&quot;:&quot;gradient&quot;,&quot;animation&quot;:&quot;fadeIn&quot;}\">\n\t\t\t\t<div class=\"elementor-element elementor-element-ef69ebf elementor-widget__width-initial elementor-widget elementor-widget-heading\" data-id=\"ef69ebf\" data-element_type=\"widget\" data-e-type=\"widget\" data-widget_type=\"heading.default\">\n\t\t\t\t\t<h2 class=\"elementor-heading-title elementor-size-default\"><a href=\"https:\/\/inoxes.com\/depositos\/deposito-fondo-plano-inclinado\/\">Fondo plano inclinado<\/a><\/h2>\t\t\t\t<\/div>\n\t\t\t\t<\/div>\n\t\t<div class=\"elementor-element elementor-element-7aab55b e-con-full deposito-indice e-flex elementor-invisible e-con e-child\" data-id=\"7aab55b\" data-element_type=\"container\" data-e-type=\"container\" data-settings=\"{&quot;background_background&quot;:&quot;gradient&quot;,&quot;animation&quot;:&quot;fadeIn&quot;}\">\n\t\t\t\t<div class=\"elementor-element elementor-element-d15e028 elementor-widget__width-initial elementor-widget elementor-widget-heading\" data-id=\"d15e028\" data-element_type=\"widget\" data-e-type=\"widget\" data-widget_type=\"heading.default\">\n\t\t\t\t\t<h2 class=\"elementor-heading-title elementor-size-default\"><a href=\"https:\/\/inoxes.com\/depositos\/deposito-isotermico\/\">Isot\u00e9rmico<\/a><\/h2>\t\t\t\t<\/div>\n\t\t\t\t<\/div>\n\t\t<div class=\"elementor-element elementor-element-3eb8792 e-con-full deposito-indice e-flex elementor-invisible e-con e-child\" data-id=\"3eb8792\" data-element_type=\"container\" data-e-type=\"container\" data-settings=\"{&quot;background_background&quot;:&quot;gradient&quot;,&quot;animation&quot;:&quot;fadeIn&quot;}\">\n\t\t\t\t<div class=\"elementor-element elementor-element-46b3995 elementor-widget__width-initial elementor-widget elementor-widget-heading\" data-id=\"46b3995\" data-element_type=\"widget\" data-e-type=\"widget\" data-widget_type=\"heading.default\">\n\t\t\t\t\t<h2 class=\"elementor-heading-title elementor-size-default\"><a href=\"https:\/\/inoxes.com\/depositos\/deposito-siemprelleno\/\">Siemprelleno<\/a><\/h2>\t\t\t\t<\/div>\n\t\t\t\t<\/div>\n\t\t<div class=\"elementor-element elementor-element-3b0bda8 e-con-full deposito-indice e-flex elementor-invisible e-con e-child\" data-id=\"3b0bda8\" data-element_type=\"container\" data-e-type=\"container\" data-settings=\"{&quot;background_background&quot;:&quot;gradient&quot;,&quot;animation&quot;:&quot;fadeIn&quot;}\">\n\t\t\t\t<div class=\"elementor-element elementor-element-6ff0142 elementor-widget__width-initial elementor-widget elementor-widget-heading\" data-id=\"6ff0142\" data-element_type=\"widget\" data-e-type=\"widget\" data-widget_type=\"heading.default\">\n\t\t\t\t\t<h2 class=\"elementor-heading-title elementor-size-default\"><a href=\"https:\/\/inoxes.com\/depositos\/deposito-tronco-conico\/\">Tronco-c\u00f3nico<\/a><\/h2>\t\t\t\t<\/div>\n\t\t\t\t<\/div>\n\t\t\t\t\t<\/div>\n\t\t\t\t<\/div>\n\t\t<div class=\"elementor-element elementor-element-7aa08d5 e-flex e-con-boxed e-con e-parent\" data-id=\"7aa08d5\" data-element_type=\"container\" data-e-type=\"container\">\n\t\t\t\t\t<div class=\"e-con-inner\">\n\t\t\t\t<div class=\"elementor-element elementor-element-43e4f88 elementor-widget elementor-widget-html\" data-id=\"43e4f88\" data-element_type=\"widget\" data-e-type=\"widget\" data-widget_type=\"html.default\">\n\t\t\t\t\t<script>\ndocument.addEventListener('DOMContentLoaded', function () {\n  \/\/ Selector del enlace del t\u00edtulo: ajusta si tu enlace est\u00e1 en otra estructura\n  var headerLinkSelectors = [\n    'h1 a[href]',\n    'h2 a[href]',\n    'h3 a[href]',\n    'h4 a[href]',\n    '.elementor-widget-heading a[href]' \/\/ clase habitual de Elementor heading widget\n  ].join(',');\n\n  \/\/ Elementos interactivos que deben permitir el comportamiento nativo\n  var interactiveSelectors = 'a, button, input, textarea, select, label, [data-no-block-link]';\n\n  document.querySelectorAll('.deposito-indice').forEach(function (block) {\n    \/\/ buscamos el PRIMER enlace dentro del encabezado del bloque\n    var enlace = block.querySelector(headerLinkSelectors);\n    if (!enlace) return; \/\/ sin enlace, saltamos\n\n    \/\/ Click en el bloque (salta si el click fue sobre un elemento interactivo)\n    block.addEventListener('click', function (e) {\n      if (e.target.closest(interactiveSelectors)) return; \/\/ deja que el elemento interactivo maneje el click\n\n      var href = enlace.getAttribute('href');\n      if (!href) return;\n\n      var target = enlace.getAttribute('target');\n      if (target === '_blank') {\n        window.open(href, '_blank');\n      } else {\n        \/\/ navegamos con replace si el enlace tiene rel=\"nofollow\" o similar? \n        \/\/ dejamos location normal para preservar historial\n        window.location.href = href;\n      }\n    }, { passive: true });\n\n    \/\/ Opcional (comenta si no quieres soporte teclado):\n    \/\/ Si quieres accesibilidad por teclado, habilita lo siguiente.\n    \/\/ Atenci\u00f3n: a\u00f1adir tabindex har\u00e1 que el bloque reciba foco y pueda mostrar outline seg\u00fan CSS.\n    \/*\n    block.setAttribute('tabindex', '0');\n    block.addEventListener('keydown', function (e) {\n      if (e.key === 'Enter' || e.key === ' ') {\n        e.preventDefault();\n        var href = enlace.getAttribute('href');\n        var target = enlace.getAttribute('target');\n        if (href) {\n          if (target === '_blank') window.open(href, '_blank');\n          else window.location.href = href;\n        }\n      }\n    });\n    *\/\n  });\n});\n<\/script>\n\t\t\t\t<\/div>\n\t\t\t\t\t<\/div>\n\t\t\t\t<\/div>\n\t\t\t\t<\/div>\n\t\t","protected":false},"excerpt":{"rendered":"<p>Autovaciante Fondo c\u00f3nico Fondo c\u00f3nico y tapa desplazada Fondo plano inclinado Isot\u00e9rmico Siemprelleno Tronco-c\u00f3nico<\/p>","protected":false},"author":1,"featured_media":0,"parent":0,"menu_order":0,"comment_status":"closed","ping_status":"closed","template":"","meta":{"footnotes":""},"class_list":["post-552","page","type-page","status-publish","hentry"],"yoast_head":"<!-- This site is optimized with the Yoast SEO plugin v27.2 - https:\/\/yoast.com\/product\/yoast-seo-wordpress\/ -->\n<title>Escaleras - INOXES<\/title>\n<meta name=\"robots\" content=\"index, follow, max-snippet:-1, max-image-preview:large, max-video-preview:-1\" \/>\n<link rel=\"canonical\" href=\"https:\/\/inoxes.com\/pt\/escaleras\/\" \/>\n<meta property=\"og:locale\" content=\"pt_PT\" \/>\n<meta property=\"og:type\" content=\"article\" \/>\n<meta property=\"og:title\" content=\"Escaleras - INOXES\" \/>\n<meta property=\"og:description\" content=\"Autovaciante Fondo c\u00f3nico Fondo c\u00f3nico y tapa desplazada Fondo plano inclinado Isot\u00e9rmico Siemprelleno Tronco-c\u00f3nico\" \/>\n<meta property=\"og:url\" content=\"https:\/\/inoxes.com\/pt\/escaleras\/\" \/>\n<meta property=\"og:site_name\" content=\"INOXES\" \/>\n<meta property=\"article:modified_time\" content=\"2025-11-28T13:29:22+00:00\" \/>\n<meta name=\"twitter:card\" content=\"summary_large_image\" \/>\n<script type=\"application\/ld+json\" class=\"yoast-schema-graph\">{\"@context\":\"https:\/\/schema.org\",\"@graph\":[{\"@type\":\"WebPage\",\"@id\":\"https:\/\/inoxes.com\/escaleras\/\",\"url\":\"https:\/\/inoxes.com\/escaleras\/\",\"name\":\"Escaleras - INOXES\",\"isPartOf\":{\"@id\":\"https:\/\/inoxes.com\/#website\"},\"datePublished\":\"2025-11-28T13:09:06+00:00\",\"dateModified\":\"2025-11-28T13:29:22+00:00\",\"breadcrumb\":{\"@id\":\"https:\/\/inoxes.com\/escaleras\/#breadcrumb\"},\"inLanguage\":\"pt-PT\",\"potentialAction\":[{\"@type\":\"ReadAction\",\"target\":[\"https:\/\/inoxes.com\/escaleras\/\"]}]},{\"@type\":\"BreadcrumbList\",\"@id\":\"https:\/\/inoxes.com\/escaleras\/#breadcrumb\",\"itemListElement\":[{\"@type\":\"ListItem\",\"position\":1,\"name\":\"Portada\",\"item\":\"https:\/\/inoxes.com\/\"},{\"@type\":\"ListItem\",\"position\":2,\"name\":\"Escaleras\"}]},{\"@type\":\"WebSite\",\"@id\":\"https:\/\/inoxes.com\/#website\",\"url\":\"https:\/\/inoxes.com\/\",\"name\":\"INOXES\",\"description\":\"\",\"publisher\":{\"@id\":\"https:\/\/inoxes.com\/#organization\"},\"potentialAction\":[{\"@type\":\"SearchAction\",\"target\":{\"@type\":\"EntryPoint\",\"urlTemplate\":\"https:\/\/inoxes.com\/?s={search_term_string}\"},\"query-input\":{\"@type\":\"PropertyValueSpecification\",\"valueRequired\":true,\"valueName\":\"search_term_string\"}}],\"inLanguage\":\"pt-PT\"},{\"@type\":\"Organization\",\"@id\":\"https:\/\/inoxes.com\/#organization\",\"name\":\"INOXES\",\"url\":\"https:\/\/inoxes.com\/\",\"logo\":{\"@type\":\"ImageObject\",\"inLanguage\":\"pt-PT\",\"@id\":\"https:\/\/inoxes.com\/#\/schema\/logo\/image\/\",\"url\":\"https:\/\/inoxes.com\/wp-content\/uploads\/inoxes-soluciones-acero-inoxidable.png\",\"contentUrl\":\"https:\/\/inoxes.com\/wp-content\/uploads\/inoxes-soluciones-acero-inoxidable.png\",\"width\":630,\"height\":316,\"caption\":\"INOXES\"},\"image\":{\"@id\":\"https:\/\/inoxes.com\/#\/schema\/logo\/image\/\"}}]}<\/script>\n<!-- \/ Yoast SEO plugin. -->","yoast_head_json":{"title":"Escaleras - INOXES","robots":{"index":"index","follow":"follow","max-snippet":"max-snippet:-1","max-image-preview":"max-image-preview:large","max-video-preview":"max-video-preview:-1"},"canonical":"https:\/\/inoxes.com\/pt\/escaleras\/","og_locale":"pt_PT","og_type":"article","og_title":"Escaleras - INOXES","og_description":"Autovaciante Fondo c\u00f3nico Fondo c\u00f3nico y tapa desplazada Fondo plano inclinado Isot\u00e9rmico Siemprelleno Tronco-c\u00f3nico","og_url":"https:\/\/inoxes.com\/pt\/escaleras\/","og_site_name":"INOXES","article_modified_time":"2025-11-28T13:29:22+00:00","twitter_card":"summary_large_image","schema":{"@context":"https:\/\/schema.org","@graph":[{"@type":"WebPage","@id":"https:\/\/inoxes.com\/escaleras\/","url":"https:\/\/inoxes.com\/escaleras\/","name":"Escaleras - INOXES","isPartOf":{"@id":"https:\/\/inoxes.com\/#website"},"datePublished":"2025-11-28T13:09:06+00:00","dateModified":"2025-11-28T13:29:22+00:00","breadcrumb":{"@id":"https:\/\/inoxes.com\/escaleras\/#breadcrumb"},"inLanguage":"pt-PT","potentialAction":[{"@type":"ReadAction","target":["https:\/\/inoxes.com\/escaleras\/"]}]},{"@type":"BreadcrumbList","@id":"https:\/\/inoxes.com\/escaleras\/#breadcrumb","itemListElement":[{"@type":"ListItem","position":1,"name":"Portada","item":"https:\/\/inoxes.com\/"},{"@type":"ListItem","position":2,"name":"Escaleras"}]},{"@type":"WebSite","@id":"https:\/\/inoxes.com\/#website","url":"https:\/\/inoxes.com\/","name":"INOXES","description":"","publisher":{"@id":"https:\/\/inoxes.com\/#organization"},"potentialAction":[{"@type":"SearchAction","target":{"@type":"EntryPoint","urlTemplate":"https:\/\/inoxes.com\/?s={search_term_string}"},"query-input":{"@type":"PropertyValueSpecification","valueRequired":true,"valueName":"search_term_string"}}],"inLanguage":"pt-PT"},{"@type":"Organization","@id":"https:\/\/inoxes.com\/#organization","name":"INOXES","url":"https:\/\/inoxes.com\/","logo":{"@type":"ImageObject","inLanguage":"pt-PT","@id":"https:\/\/inoxes.com\/#\/schema\/logo\/image\/","url":"https:\/\/inoxes.com\/wp-content\/uploads\/inoxes-soluciones-acero-inoxidable.png","contentUrl":"https:\/\/inoxes.com\/wp-content\/uploads\/inoxes-soluciones-acero-inoxidable.png","width":630,"height":316,"caption":"INOXES"},"image":{"@id":"https:\/\/inoxes.com\/#\/schema\/logo\/image\/"}}]}},"_links":{"self":[{"href":"https:\/\/inoxes.com\/pt\/wp-json\/wp\/v2\/pages\/552","targetHints":{"allow":["GET"]}}],"collection":[{"href":"https:\/\/inoxes.com\/pt\/wp-json\/wp\/v2\/pages"}],"about":[{"href":"https:\/\/inoxes.com\/pt\/wp-json\/wp\/v2\/types\/page"}],"author":[{"embeddable":true,"href":"https:\/\/inoxes.com\/pt\/wp-json\/wp\/v2\/users\/1"}],"replies":[{"embeddable":true,"href":"https:\/\/inoxes.com\/pt\/wp-json\/wp\/v2\/comments?post=552"}],"version-history":[{"count":4,"href":"https:\/\/inoxes.com\/pt\/wp-json\/wp\/v2\/pages\/552\/revisions"}],"predecessor-version":[{"id":559,"href":"https:\/\/inoxes.com\/pt\/wp-json\/wp\/v2\/pages\/552\/revisions\/559"}],"wp:attachment":[{"href":"https:\/\/inoxes.com\/pt\/wp-json\/wp\/v2\/media?parent=552"}],"curies":[{"name":"wp","href":"https:\/\/api.w.org\/{rel}","templated":true}]}}